{"id":68,"date":"2016-11-28T06:33:38","date_gmt":"2016-11-28T06:33:38","guid":{"rendered":"http:\/\/juetrichau.juetrichau.de\/?page_id=68"},"modified":"2017-01-02T18:54:32","modified_gmt":"2017-01-02T18:54:32","slug":"geschichte","status":"publish","type":"page","link":"http:\/\/juetrichau.juetrichau.de\/?page_id=68","title":{"rendered":"Geschichte"},"content":{"rendered":"<p>Geschichte der Ortschaft bis 1945<\/p>\n<table border=\"0\">\n<tbody>\n<tr>\n<td valign=\"top\" width=\"60\"><span style=\"color: #ff0000; font-family: Arial;\"><strong>1214<\/strong><\/span><\/td>\n<td>Die erste urkundliche Erw\u00e4hnung unter dem Ortsnamen Juterchoow,<br \/>\neine slawische Ansiedlung. J\u00fctrichau war ein Kirchendorf. Die<br \/>\nKirche war Tochterkirche der Kirche zu Wertlau und wurde erstmals<br \/>\nbei der Best\u00e4tigung des Nonnenklosters zu Zerbst erw\u00e4hnt.<\/td>\n<\/tr>\n<tr>\n<td>&nbsp;<\/td>\n<td>&nbsp;<\/td>\n<\/tr>\n<tr>\n<td valign=\"top\"><span style=\"color: #ff0000; font-family: Arial;\"><strong>1272<\/strong><\/span><\/td>\n<td>Die Kirche von Wertlau wurde nebst der Kirche zu J\u00fctrichau durch<br \/>\nWalter und Buchard von Barby dem Zerbster Nonnenkloster geschenkt. Zu dieser Zeit wird bereits von einem Ritterbesitztum gesprochen, mit gro\u00dfer Sicherheit der heutige sogenannte Gutshof. Der Ortsname \u00e4ndert sich in Juterchowe.<\/td>\n<\/tr>\n<tr>\n<td>&nbsp;<\/td>\n<td>&nbsp;<\/td>\n<\/tr>\n<tr>\n<td valign=\"top\"><span style=\"color: #ff0000; font-family: Arial;\"><strong>1541<\/strong><\/span><\/td>\n<td>Die Gr\u00f6\u00dfe der Dorfmark betrug 17 Hufen, ca 170 Hektar. Angesiedelt<br \/>\nwaren ein Lehnschulze, f\u00fcnf Ansp\u00e4nner, sechs Kossaten und einen<br \/>\nLohngutbesitzer. Die Dorfbewohner hatten umfangreiche Dienste auf dem f\u00fcrstlichen Hofe zu Tornau zu verrichten. Desgleichen waren<br \/>\nsie mit hohen Naturalabgaben an die Herrschaft und des Jungfrauenklosters zu Zerbst belegt.<\/td>\n<\/tr>\n<tr>\n<td>&nbsp;<\/td>\n<td>&nbsp;<\/td>\n<\/tr>\n<tr>\n<td valign=\"top\"><span style=\"color: #ff0000; font-family: Arial;\"><strong>1625<\/strong><\/span><\/td>\n<td>Der 1618 ausgel\u00f6ste 30-j\u00e4hrige Krieg brachte besonders durch die<br \/>\nSchlacht am 25.April 1626 an der Dessauer Elbbr\u00fccke zwischen<br \/>\nden Heerscharen Wallensteins und Mansfeld Not und Elend. Die<br \/>\ngesamte Belagerungszeit von Zerbst und der Gebiete bis zur Elbe<br \/>\nwar mit Zerst\u00f6rung, Raub, Pest und anderem Elend verbunden.<\/td>\n<\/tr>\n<tr>\n<td>&nbsp;<\/td>\n<td>&nbsp;<\/td>\n<\/tr>\n<tr>\n<td><span style=\"color: #ff0000; font-family: Arial;\"><strong>1638<\/strong><\/span><\/td>\n<td>In J\u00fctrichau wird erstmals ein Schulmeister erw\u00e4hnt.<\/td>\n<\/tr>\n<tr>\n<td>&nbsp;<\/td>\n<td>&nbsp;<\/td>\n<\/tr>\n<tr>\n<td valign=\"top\"><span style=\"color: #ff0000; font-family: Arial;\"><strong>1650<\/strong><\/span><\/td>\n<td>Durch zwischenzeitliche Rodung und Entw\u00e4sserungsarbeiten von<br \/>\nsumpfigen Boden wurden Landfl\u00e4chen nutzbar gemacht. Der Ritter-<br \/>\ngutsbesitz betrug 241 Hektar und die Gemeindebezirksf\u00e4che 201 ha.<\/td>\n<\/tr>\n<tr>\n<td>&nbsp;<\/td>\n<td>&nbsp;<\/td>\n<\/tr>\n<tr>\n<td valign=\"top\"><span style=\"color: #ff0000; font-family: Arial;\"><strong>1680<\/strong><\/span><\/td>\n<td>Den Rittergutsbesitz \u00fcbernahm die Herrschaft von Oppen. Ab<br \/>\n-Zeit unbekannt - bis 1680 war das Rittergut in Verwaltung von<br \/>\n\"von Karge\". Anfang 1700 stiftete Georg Abraham von Oppen der<br \/>\nKirche den noch heute existierenden Altar. Von Oppen war<br \/>\nPatron der Kirche. Das Rittergut blieb bis 1901 in ihrem Besitz.<\/td>\n<\/tr>\n<tr>\n<td>&nbsp;<\/td>\n<td>&nbsp;<\/td>\n<\/tr>\n<tr>\n<td><span style=\"color: #ff0000; font-family: Arial;\"><strong>1721<\/strong><\/span><\/td>\n<td>Der Kirche wurde von den 3 S\u00f6hnen der Oppens eine Glocke<br \/>\ngestiftet.<\/td>\n<\/tr>\n<tr>\n<td>&nbsp;<\/td>\n<td>&nbsp;<\/td>\n<\/tr>\n<tr>\n<td valign=\"top\"><span style=\"color: #ff0000; font-family: Arial;\"><strong>1807<\/strong><\/span><\/td>\n<td>Durch den Ort entlang des Teiches erfolgte der Bau der Landstra\u00dfe<br \/>\nZerbst - Ro\u00dflau. Die Stra\u00dfe wurde durch den Zerbster Hofg\u00e4rtner<br \/>\nCorthum mit Plantanen und Akazien bepflanzt. Die Plantanen am<br \/>\nTeich zeugen heute noch davon.<\/td>\n<\/tr>\n<tr>\n<td>&nbsp;<\/td>\n<td>&nbsp;<\/td>\n<\/tr>\n<tr>\n<td valign=\"top\"><span style=\"color: #ff0000; font-family: Arial;\"><strong>1818<\/strong><\/span><\/td>\n<td>Die Dorfentwicklung verlief ab dieser Zeit wie folgt:<br \/>\n1818 - 12 H\u00e4user mit 97 Einwohnern<br \/>\n1830 - 17 H\u00e4user mit 101 Einwohnern<br \/>\n1871 - 19 H\u00e4user mit 120 Einwohnern<br \/>\n1884 - 22 H\u00e4user mit 136 Einwohnern<br \/>\n1900 - 28 H\u00e4user mit 168 Einwohnern<br \/>\n1905 - 36 H\u00e4user mit 195 Einwohnern<\/td>\n<\/tr>\n<tr>\n<td>&nbsp;<\/td>\n<td>&nbsp;<\/td>\n<\/tr>\n<tr>\n<td valign=\"top\"><span style=\"color: #ff0000; font-family: Arial;\"><strong>1850<\/strong><\/span><\/td>\n<td>Die Dienste und Naturalabgaben wurden durch Geldleistungen<br \/>\nabgel\u00f6st. In der sogenannten Separationszeit erfolgte auch eine Neuaufteilung der Landfl\u00e4che an die Bauern.<\/td>\n<\/tr>\n<tr>\n<td>&nbsp;<\/td>\n<td>&nbsp;<\/td>\n<\/tr>\n<tr>\n<td valign=\"top\"><span style=\"color: #ff0000; font-family: Arial;\"><strong>1863<\/strong><\/span><\/td>\n<td>Es erfolgte der Bau der Eisenbahnstrecke Zerbst-Ro\u00dflau. In J\u00fctrichau begann damit die Ansiedlung von Industrie. So u.a. eine St\u00e4rke-und Kartoffelflockenfabrik, eine Ziegelei, die um 1900 stillgelegt wurde, um 1890 eine Strohseilfabrik und H\u00e4ckselschneiderei, eine Tischler- und Stellmacherei und um 1900 eine Dachsteinfabrik.<\/td>\n<\/tr>\n<tr>\n<td>&nbsp;<\/td>\n<td>&nbsp;<\/td>\n<\/tr>\n<tr>\n<td valign=\"top\"><span style=\"color: #ff0000; font-family: Arial;\"><strong>1890<\/strong><\/span><\/td>\n<td>Gegen Ende diesen Jahrzehntes wurde die alte Feldsteinkirche<br \/>\nabgerissen.<\/td>\n<\/tr>\n<tr>\n<td>&nbsp;<\/td>\n<td>&nbsp;<\/td>\n<\/tr>\n<tr>\n<td valign=\"top\"><span style=\"color: #ff0000; font-family: Arial;\"><strong>1892<\/strong><\/span><\/td>\n<td>Bau einer neuen, der jetzigen Kirche im neugotischen Stil. Zum<br \/>\nNeubau stifteten zwei Br\u00fcder von Oppen zwei noch erhaltene<br \/>\nKirchenfenster f\u00fcr den Altarraum.<\/td>\n<\/tr>\n<tr>\n<td>&nbsp;<\/td>\n<td>&nbsp;<\/td>\n<\/tr>\n<tr>\n<td valign=\"top\"><span style=\"color: #ff0000; font-family: Arial;\"><strong>1894<\/strong><\/span><\/td>\n<td>Die Kirchenglocke wurde unter Beihilfe von Staat und Gemeinde<br \/>\nin eine gr\u00f6\u00dfere umgegossen.<\/td>\n<\/tr>\n<tr>\n<td>&nbsp;<\/td>\n<td>&nbsp;<\/td>\n<\/tr>\n<tr>\n<td><span style=\"color: #ff0000; font-family: Arial;\"><strong>1896<\/strong><\/span><\/td>\n<td>Bau einer neuen Schule in J\u00fctrichau gegen\u00fcber der Kirche<\/td>\n<\/tr>\n<tr>\n<td>&nbsp;<\/td>\n<td>&nbsp;<\/td>\n<\/tr>\n<tr>\n<td><span style=\"color: #ff0000; font-family: Arial;\"><strong>1897<\/strong><\/span><\/td>\n<td>Gr\u00fcndungsjahr der heutigen Freiwilligen Feuerwehr<\/td>\n<\/tr>\n<tr>\n<td>&nbsp;<\/td>\n<td>&nbsp;<\/td>\n<\/tr>\n<tr>\n<td valign=\"top\"><span style=\"color: #ff0000; font-family: Arial;\"><strong>1901<\/strong><\/span><\/td>\n<td>Der Anhaltinische Oberamtsmann Albert Kitzinger \u00fcbernahm den<br \/>\nRittergutsbesitz<\/td>\n<\/tr>\n<tr>\n<td>&nbsp;<\/td>\n<td>&nbsp;<\/td>\n<\/tr>\n<tr>\n<td valign=\"top\"><span style=\"color: #ff0000; font-family: Arial;\"><strong>1914<\/strong><\/span><\/td>\n<td>Beginn des 1.Weltkrieges 1914-1918. Der Gro\u00dfteil der<br \/>\nm\u00e4nnlichen B\u00fcrger wird zum Wehrdienst einberufen. Sechs von ihnen sind im Krieg f\u00fcr das Vaterland gefallen.<\/td>\n<\/tr>\n<tr>\n<td>&nbsp;<\/td>\n<td>&nbsp;<\/td>\n<\/tr>\n<tr>\n<td valign=\"top\"><span style=\"color: #ff0000; font-family: Arial;\"><strong>1926<\/strong><\/span><\/td>\n<td>Das W\u00e4ldchen n\u00f6rdlich von J\u00fctrichau - der \"J\u00fctrichauer Busch\"<br \/>\nmit 21,6 Hektar wird unter Naturschutz gestellt.<\/td>\n<\/tr>\n<tr>\n<td>&nbsp;<\/td>\n<td>&nbsp;<\/td>\n<\/tr>\n<tr>\n<td valign=\"top\"><span style=\"color: #ff0000; font-family: Arial;\"><strong>1929<\/strong><\/span><\/td>\n<td>Zwischen Eisenbahn und der Landstra\u00dfe wurden bei Bodenarbeiten<br \/>\nwurden Brandstellen der Lat\u00e9nezeit vorgefunden. (vorgeschichtliche<br \/>\nzweite Eiszeit etwa 500 v. Ch. bis ins 1.Jahrhundert n. Ch.<\/td>\n<\/tr>\n<tr>\n<td>&nbsp;<\/td>\n<td>&nbsp;<\/td>\n<\/tr>\n<tr>\n<td valign=\"top\"><span style=\"color: #ff0000; font-family: Arial;\"><strong>1934<\/strong><\/span><\/td>\n<td>Die alte Verbindungsstra\u00dfe Zerbst-Ro\u00dflau, vorbei am J\u00fctrichauer<br \/>\nTeich wird durch den Neubau der jetzigen B 184 begradigt.<\/td>\n<\/tr>\n<tr>\n<td>&nbsp;<\/td>\n<td>&nbsp;<\/td>\n<\/tr>\n<tr>\n<td><span style=\"color: #ff0000; font-family: Arial;\"><strong>1935<\/strong><\/span><\/td>\n<td>Das Rittergut als Gro\u00dfgut geht in Besitz \u00fcber an Herrn Heuber<\/td>\n<\/tr>\n<tr>\n<td>&nbsp;<\/td>\n<td>&nbsp;<\/td>\n<\/tr>\n<tr>\n<td valign=\"top\"><span style=\"color: #ff0000; font-family: Arial;\"><strong>1939<\/strong><\/span><\/td>\n<td>1.September- Beginn des 2. Weltkrieges. Fast alle M\u00e4nner wurden<br \/>\nim Verlauf zum Kriegsdienst eingezogen. 22 sind im Krieg gefallen.<\/td>\n<\/tr>\n<tr>\n<td>&nbsp;<\/td>\n<td>&nbsp;<\/td>\n<\/tr>\n<tr>\n<td valign=\"top\"><span style=\"color: #ff0000; font-family: Arial;\"><strong>1941<\/strong><\/span><\/td>\n<td>Im rechts der Stra\u00dfe J\u00fctrichau - Wertlau gelegenen Waldst\u00fcck<br \/>\nwurden durch die Flugzeugwerke Hugo Junkers AG Dessau<br \/>\nBaracken zur Unterbringung eines Projektierungsb\u00fcros errichtet.<br \/>\nSie dienten als Sicherheitsma\u00dfnahme f\u00fcr evtl. Feindeinwirkungen<br \/>\nauf das Dessauer Stammwerk. Bis Kriegsende waren sie<br \/>\nEigentum der Junkerswerke.<\/td>\n<\/tr>\n<tr>\n<td>&nbsp;<\/td>\n<td>&nbsp;<\/td>\n<\/tr>\n<tr>\n<td valign=\"top\"><span style=\"color: #ff0000; font-family: Arial;\"><strong>1942<\/strong><\/span><\/td>\n<td>Zur Abwehr feindlicher Luftangriffe auf Zerbst und sicher zum<br \/>\nSchutz des ausgelagerten Junkers-Projektierungsb\u00fcros wurden<br \/>\nn\u00f6rdlich von J\u00fctrichau am Rande des Naturschutzgebietes<br \/>\n\"J\u00fctrichauer Busch\", jetziger Sportplatz, Flakeinheiten mit Baracken<br \/>\nund Bunkern stationiert.<\/td>\n<\/tr>\n<tr>\n<td>&nbsp;<\/td>\n<td>&nbsp;<\/td>\n<\/tr>\n<tr>\n<td valign=\"top\"><span style=\"color: #ff0000; font-family: Arial;\"><strong>1945<\/strong><\/span><\/td>\n<td>Mitte April erfolgte ein Luftangriff mit Bombenabwurf auf die<br \/>\nFlakstellungen. J\u00fctrichau selbst blieb davon verschont.<br \/>\nAm 18.\/ 20.April zogen amerikanische Truppen von Pakendorf<br \/>\nher kommend in J\u00fctrichau ein. Kurze Zeit sp\u00e4ter wurden die amerikanischen Truppen durch sowjetische Truppenteile abgel\u00f6st. Gro\u00dfe Teile waren auf dem Gutshof stationiert.<\/td>\n<\/tr>\n<\/tbody>\n<\/table>\n","protected":false},"excerpt":{"rendered":"<p>Geschichte der Ortschaft bis 1945 1214 Die erste urkundliche Erw\u00e4hnung unter dem Ortsnamen Juterchoow, eine slawische Ansiedlung. J\u00fctrichau war ein Kirchendorf. Die Kirche war Tochterkirche der Kirche zu Wertlau und wurde erstmals bei der Best\u00e4tigung des Nonnenklosters zu Zerbst erw\u00e4hnt. &nbsp; &nbsp; 1272 Die Kirche von Wertlau wurde nebst der Kirche zu J\u00fctrichau durch Walter <a href=\"http:\/\/juetrichau.juetrichau.de\/?page_id=68\" class=\"more-link\">...weiterlesen<span class=\"screen-reader-text\"> \"Geschichte\"<\/span><\/a><\/p>\n","protected":false},"author":1,"featured_media":0,"parent":0,"menu_order":0,"comment_status":"closed","ping_status":"closed","template":"","meta":{"footnotes":""},"class_list":["post-68","page","type-page","status-publish","h-entry","hentry","h-as-page"],"_links":{"self":[{"href":"http:\/\/juetrichau.juetrichau.de\/index.php?rest_route=\/wp\/v2\/pages\/68","targetHints":{"allow":["GET"]}}],"collection":[{"href":"http:\/\/juetrichau.juetrichau.de\/index.php?rest_route=\/wp\/v2\/pages"}],"about":[{"href":"http:\/\/juetrichau.juetrichau.de\/index.php?rest_route=\/wp\/v2\/types\/page"}],"author":[{"embeddable":true,"href":"http:\/\/juetrichau.juetrichau.de\/index.php?rest_route=\/wp\/v2\/users\/1"}],"replies":[{"embeddable":true,"href":"http:\/\/juetrichau.juetrichau.de\/index.php?rest_route=%2Fwp%2Fv2%2Fcomments&post=68"}],"version-history":[{"count":8,"href":"http:\/\/juetrichau.juetrichau.de\/index.php?rest_route=\/wp\/v2\/pages\/68\/revisions"}],"predecessor-version":[{"id":185,"href":"http:\/\/juetrichau.juetrichau.de\/index.php?rest_route=\/wp\/v2\/pages\/68\/revisions\/185"}],"wp:attachment":[{"href":"http:\/\/juetrichau.juetrichau.de\/index.php?rest_route=%2Fwp%2Fv2%2Fmedia&parent=68"}],"curies":[{"name":"wp","href":"https:\/\/api.w.org\/{rel}","templated":true}]}}