{"id":60,"date":"2016-11-25T08:37:59","date_gmt":"2016-11-25T08:37:59","guid":{"rendered":"http:\/\/juetrichau.juetrichau.de\/?page_id=60"},"modified":"2016-11-29T09:09:58","modified_gmt":"2016-11-29T09:09:58","slug":"rufnummern","status":"publish","type":"page","link":"http:\/\/juetrichau.juetrichau.de\/?page_id=60","title":{"rendered":"Rufnummern"},"content":{"rendered":"<p style=\"padding-left: 30px;\"><strong><span style=\"text-decoration: underline;\">F\u00fcr alle Notf\u00e4lle<br \/>\n<\/span><\/strong>Einsatzleitstelle des Landkreises Anhalt-Bitterfeld in Bitterfeld<br \/>\n<strong>0 34 93\/513 -150<\/strong><\/p>\n<p style=\"padding-left: 30px;\"><strong><span style=\"text-decoration: underline;\">Notruf<\/span><br \/>\n<\/strong> Feuerwehr\/Rettungsdienst <strong>112<\/strong><br \/>\nPolizei <strong>110<\/strong><\/p>\n<p style=\"padding-left: 30px;\"><strong><span style=\"text-decoration: underline;\">\u00c4rztlicher Bereitschaftsdienst<\/span>\u00a0\u00a0\u00a0 116 117<br \/>\n<\/strong>Ihr Arzt hat zu, aber Sie brauchen dringend medizinische Hilfe? Der \u00e4rztliche Bereitschaftsdienst der Kassen\u00e4rztlichen Vereinigungen ist im Einsatz, wenn die niedergelassenen \u00c4rzte keine Sprechstunden haben:<\/p>\n<p style=\"padding-left: 30px;\">Montag:\u00a0\u00a0\u00a0\u00a0\u00a0\u00a0\u00a0\u00a0\u00a0 \u00a0in der Regel von zwischen 18 Uhr und 19 Uhr bis 7 Uhr<br \/>\nDienstag:\u00a0\u00a0\u00a0\u00a0\u00a0\u00a0\u00a0\u00a0\u00a0in der Regel von zwischen 18 Uhr und 19 Uhr bis 7 Uhr<br \/>\nMittwoch:\u00a0\u00a0\u00a0\u00a0\u00a0\u00a0\u00a0 in der Regel von zwischen 12 Uhr und 19 Uhr bis 7 Uhr<br \/>\nDonnerstag:\u00a0\u00a0\u00a0 in der Regel von zwischen 18 Uhr und 19 Uhr bis 7 Uhr<br \/>\nFreitag:\u00a0\u00a0\u00a0\u00a0\u00a0\u00a0\u00a0\u00a0\u00a0\u00a0 \u00a0in der Regel von 13 Uhr (bis Montag, 7 Uhr)<br \/>\nSamstag:\u00a0\u00a0\u00a0\u00a0\u00a0\u00a0\u00a0\u00a0\u00a0 rund um die Uhr<\/p>\n<p style=\"padding-left: 30px;\"><strong><span style=\"text-decoration: underline;\">Wichtige Rufnummern<\/span><\/strong><\/p>\n<p style=\"padding-left: 30px;\">Revierkommissariat Zerbst\/Anhalt<br \/>\n0 39 23\/71 60<\/p>\n<p style=\"padding-left: 30px;\">Stadtverwaltung Zerbst\/Anhalt<br \/>\n0 39 23\/75 40<\/p>\n<p style=\"padding-left: 30px;\">Heidewasser GmbH<br \/>\n0 39 23\/61 04 15<br \/>\n0 39 207\/9 50 90<\/p>\n<p style=\"padding-left: 30px;\">Abwasser- und Wasserzweckverband Elbe-Fl\u00e4ming<br \/>\n0 39 23\/48 56 77<br \/>\n0 39 23\/61 04 44<\/p>\n<p style=\"padding-left: 30px;\">Strom<br \/>\nAVACON direkt<br \/>\n01 80\/1 28 22 66<\/p>\n<p style=\"padding-left: 30px;\">Tierkliniken<br \/>\nMagdeburg, Ebendorfer Str. 39<br \/>\n03 91\/7 31 86 40<\/p>\n<p style=\"padding-left: 30px;\">Wittenberg\/Piesteritz, Fr\u00f6belstr. 25<br \/>\n0 34 91\/66 30 15<\/p>\n","protected":false},"excerpt":{"rendered":"<p>F\u00fcr alle Notf\u00e4lle Einsatzleitstelle des Landkreises Anhalt-Bitterfeld in Bitterfeld 0 34 93\/513 -150 Notruf Feuerwehr\/Rettungsdienst 112 Polizei 110 \u00c4rztlicher Bereitschaftsdienst\u00a0\u00a0\u00a0 116 117 Ihr Arzt hat zu, aber Sie brauchen dringend medizinische Hilfe? Der \u00e4rztliche Bereitschaftsdienst der Kassen\u00e4rztlichen Vereinigungen ist im Einsatz, wenn die niedergelassenen \u00c4rzte keine Sprechstunden haben: Montag:\u00a0\u00a0\u00a0\u00a0\u00a0\u00a0\u00a0\u00a0\u00a0 \u00a0in der Regel von zwischen 18 <a href=\"http:\/\/juetrichau.juetrichau.de\/?page_id=60\" class=\"more-link\">...weiterlesen<span class=\"screen-reader-text\"> \"Rufnummern\"<\/span><\/a><\/p>\n","protected":false},"author":1,"featured_media":0,"parent":0,"menu_order":0,"comment_status":"closed","ping_status":"closed","template":"","meta":{"footnotes":""},"class_list":["post-60","page","type-page","status-publish","h-entry","hentry","h-as-page"],"_links":{"self":[{"href":"http:\/\/juetrichau.juetrichau.de\/index.php?rest_route=\/wp\/v2\/pages\/60","targetHints":{"allow":["GET"]}}],"collection":[{"href":"http:\/\/juetrichau.juetrichau.de\/index.php?rest_route=\/wp\/v2\/pages"}],"about":[{"href":"http:\/\/juetrichau.juetrichau.de\/index.php?rest_route=\/wp\/v2\/types\/page"}],"author":[{"embeddable":true,"href":"http:\/\/juetrichau.juetrichau.de\/index.php?rest_route=\/wp\/v2\/users\/1"}],"replies":[{"embeddable":true,"href":"http:\/\/juetrichau.juetrichau.de\/index.php?rest_route=%2Fwp%2Fv2%2Fcomments&post=60"}],"version-history":[{"count":4,"href":"http:\/\/juetrichau.juetrichau.de\/index.php?rest_route=\/wp\/v2\/pages\/60\/revisions"}],"predecessor-version":[{"id":100,"href":"http:\/\/juetrichau.juetrichau.de\/index.php?rest_route=\/wp\/v2\/pages\/60\/revisions\/100"}],"wp:attachment":[{"href":"http:\/\/juetrichau.juetrichau.de\/index.php?rest_route=%2Fwp%2Fv2%2Fmedia&parent=60"}],"curies":[{"name":"wp","href":"https:\/\/api.w.org\/{rel}","templated":true}]}}