{"id":21,"date":"2016-11-24T10:39:37","date_gmt":"2016-11-24T10:39:37","guid":{"rendered":"http:\/\/juetrichau.juetrichau.de\/?page_id=21"},"modified":"2016-11-28T06:27:37","modified_gmt":"2016-11-28T06:27:37","slug":"ortschaft","status":"publish","type":"page","link":"http:\/\/juetrichau.juetrichau.de\/?page_id=21","title":{"rendered":"Ortschaft"},"content":{"rendered":"<p>Unsere Ortschaft liegt im Landkreis Anhalt-Bitterfeld, etwa auf halbem Wege zwischen den St\u00e4dten Zerbst und Ro\u00dflau, in der N\u00e4he der Bundesautobahn A9 und der Bahnstrecke Magdeburg-Dessau. Zur Ortschaft geh\u00f6ren die Ortsteile Wertlau und Pakendorf.<\/p>\n<p>Das Gemeindegebiet umfa\u00dft\u00a018,21\u00a0km\u00b2\u00a0Quadratkilometer.<\/p>\n<p>Die Einwohnerzahl betr\u00e4gt 476 (Stichtag 31. Dezember 2015). Zum freundlichen Ortsbild tragen auch mehrere neu erbaute Einfamilienh\u00e4user bei, die in den Jahren seit 1990 entstanden sind.<\/p>\n<p><iframe loading=\"lazy\" src=\"http:\/\/maps.google.de\/maps?f=q&amp;source=s_q&amp;hl=de&amp;geocode=&amp;q=j%C3%BCtrichau&amp;aq=&amp;sll=51.151786,10.415039&amp;sspn=15.128604,53.393555&amp;ie=UTF8&amp;hq=&amp;hnear=J%C3%BCtrichau,+Anhalt-Bitterfeld,+Sachsen-Anhalt&amp;t=h&amp;ll=51.934899,12.13088&amp;spn=0.025401,0.054932&amp;z=14&amp;iwloc=A&amp;output=embed\" width=\"640\" height=\"480\" frameborder=\"0\" marginwidth=\"0\" marginheight=\"0\" scrolling=\"no\"><\/iframe><br \/>\n<small><a style=\"text-align: left; color: #0000ff;\" href=\"http:\/\/maps.google.de\/maps?f=q&amp;source=embed&amp;hl=de&amp;geocode=&amp;q=j%C3%BCtrichau&amp;aq=&amp;sll=51.151786,10.415039&amp;sspn=15.128604,53.393555&amp;ie=UTF8&amp;hq=&amp;hnear=J%C3%BCtrichau,+Anhalt-Bitterfeld,+Sachsen-Anhalt&amp;t=h&amp;ll=51.934899,12.13088&amp;spn=0.025401,0.054932&amp;z=14&amp;iwloc=A\">Gr\u00f6\u00dfere Kartenansicht<\/a><br \/>\n<\/small><\/p>\n","protected":false},"excerpt":{"rendered":"<p>Unsere Ortschaft liegt im Landkreis Anhalt-Bitterfeld, etwa auf halbem Wege zwischen den St\u00e4dten Zerbst und Ro\u00dflau, in der N\u00e4he der Bundesautobahn A9 und der Bahnstrecke Magdeburg-Dessau. Zur Ortschaft geh\u00f6ren die Ortsteile Wertlau und Pakendorf. Das Gemeindegebiet umfa\u00dft\u00a018,21\u00a0km\u00b2\u00a0Quadratkilometer. Die Einwohnerzahl betr\u00e4gt 476 (Stichtag 31. Dezember 2015). Zum freundlichen Ortsbild tragen auch mehrere neu erbaute Einfamilienh\u00e4user bei, <a href=\"http:\/\/juetrichau.juetrichau.de\/?page_id=21\" class=\"more-link\">...weiterlesen<span class=\"screen-reader-text\"> \"Ortschaft\"<\/span><\/a><\/p>\n","protected":false},"author":1,"featured_media":0,"parent":0,"menu_order":0,"comment_status":"closed","ping_status":"closed","template":"","meta":{"footnotes":""},"class_list":["post-21","page","type-page","status-publish","h-entry","hentry","h-as-page"],"_links":{"self":[{"href":"http:\/\/juetrichau.juetrichau.de\/index.php?rest_route=\/wp\/v2\/pages\/21","targetHints":{"allow":["GET"]}}],"collection":[{"href":"http:\/\/juetrichau.juetrichau.de\/index.php?rest_route=\/wp\/v2\/pages"}],"about":[{"href":"http:\/\/juetrichau.juetrichau.de\/index.php?rest_route=\/wp\/v2\/types\/page"}],"author":[{"embeddable":true,"href":"http:\/\/juetrichau.juetrichau.de\/index.php?rest_route=\/wp\/v2\/users\/1"}],"replies":[{"embeddable":true,"href":"http:\/\/juetrichau.juetrichau.de\/index.php?rest_route=%2Fwp%2Fv2%2Fcomments&post=21"}],"version-history":[{"count":2,"href":"http:\/\/juetrichau.juetrichau.de\/index.php?rest_route=\/wp\/v2\/pages\/21\/revisions"}],"predecessor-version":[{"id":67,"href":"http:\/\/juetrichau.juetrichau.de\/index.php?rest_route=\/wp\/v2\/pages\/21\/revisions\/67"}],"wp:attachment":[{"href":"http:\/\/juetrichau.juetrichau.de\/index.php?rest_route=%2Fwp%2Fv2%2Fmedia&parent=21"}],"curies":[{"name":"wp","href":"https:\/\/api.w.org\/{rel}","templated":true}]}}