{"id":2,"date":"2017-01-02T03:48:21","date_gmt":"2017-01-02T03:48:21","guid":{"rendered":"http:\/\/wp452m.a10-52-158-154.qa.plesk.ru\/wordpress\/?page_id=2"},"modified":"2022-03-02T10:39:58","modified_gmt":"2022-03-02T10:39:58","slug":"sample-page","status":"publish","type":"page","link":"http:\/\/juetrichau.juetrichau.de\/","title":{"rendered":"Hallo!"},"content":{"rendered":"\n<p><strong>Herzlich willkommen auf der Internetpr\u00e4senz der&nbsp;Ortschaft J\u00fctrichau<\/strong><\/p>\n\n\n\n<p>Auf den folgenden Seiten sind die wichtigsten Informationen rund um unsere Ortschaft zusammengefasst. Wir hoffen, dass wir Ihnen hiermit einen hilfreichen Wegweiser zu den vielf\u00e4ltigen Angeboten der \u00f6ffentlichen Einrichtungen und der Vereine unserer Gemeinde geben k\u00f6nnen.<\/p>\n\n\n\n<p>Unseren Einwohnern k\u00f6nnen diese Seiten als aktuelle Informationsquelle dienen. Denn hier erfahren Sie immer, was los ist! Sie finden die aktuelle Zusammenstellung wichtiger Adressen, Daten und Fakten aus dem Bereich unserer Ortschaft, &nbsp;die Dienststellen der Verwaltung, die derzeitige Zusammensetzung aller Ratsgremien, sowie ein Telefonverzeichnis der Notdienste.<\/p>\n\n\n\n<div class=\"wp-block-image\"><figure class=\"aligncenter is-resized\"><img loading=\"lazy\" decoding=\"async\" src=\"http:\/\/juetrichau.juetrichau.de\/wp-content\/uploads\/2016\/12\/Teich-300x200.jpg\" alt=\"teich\" class=\"wp-image-168\" width=\"493\" height=\"329\" srcset=\"http:\/\/juetrichau.juetrichau.de\/wp-content\/uploads\/2016\/12\/Teich-300x200.jpg 300w, http:\/\/juetrichau.juetrichau.de\/wp-content\/uploads\/2016\/12\/Teich.jpg 397w\" sizes=\"auto, (max-width: 493px) 100vw, 493px\" \/><\/figure><\/div>\n\n\n\n<p>Gerne w\u00fcrden wir Sie regelm\u00e4\u00dfig an dieser Stelle begr\u00fc\u00dfen - in diesem Sinne verfolgen wir das Ziel, Ihnen einen interessanten und n\u00fctzlichen Internet-Dienst zu bieten. Sie haben Anmerkungen oder vermissen etwas? Ihre Meinung ist uns jederzeit willkommen!<\/p>\n","protected":false},"excerpt":{"rendered":"<p>Herzlich willkommen auf der Internetpr\u00e4senz der&nbsp;Ortschaft J\u00fctrichau Auf den folgenden Seiten sind die wichtigsten Informationen rund um unsere Ortschaft zusammengefasst. Wir hoffen, dass wir Ihnen hiermit einen hilfreichen Wegweiser zu den vielf\u00e4ltigen Angeboten der \u00f6ffentlichen Einrichtungen und der Vereine unserer Gemeinde geben k\u00f6nnen. Unseren Einwohnern k\u00f6nnen diese Seiten als aktuelle Informationsquelle dienen. Denn hier erfahren <a href=\"http:\/\/juetrichau.juetrichau.de\/\" class=\"more-link\">...weiterlesen<span class=\"screen-reader-text\"> \"Hallo!\"<\/span><\/a><\/p>\n","protected":false},"author":1,"featured_media":0,"parent":0,"menu_order":0,"comment_status":"closed","ping_status":"open","template":"","meta":{"footnotes":""},"class_list":["post-2","page","type-page","status-publish","h-entry","hentry","h-as-page"],"_links":{"self":[{"href":"http:\/\/juetrichau.juetrichau.de\/index.php?rest_route=\/wp\/v2\/pages\/2","targetHints":{"allow":["GET"]}}],"collection":[{"href":"http:\/\/juetrichau.juetrichau.de\/index.php?rest_route=\/wp\/v2\/pages"}],"about":[{"href":"http:\/\/juetrichau.juetrichau.de\/index.php?rest_route=\/wp\/v2\/types\/page"}],"author":[{"embeddable":true,"href":"http:\/\/juetrichau.juetrichau.de\/index.php?rest_route=\/wp\/v2\/users\/1"}],"replies":[{"embeddable":true,"href":"http:\/\/juetrichau.juetrichau.de\/index.php?rest_route=%2Fwp%2Fv2%2Fcomments&post=2"}],"version-history":[{"count":7,"href":"http:\/\/juetrichau.juetrichau.de\/index.php?rest_route=\/wp\/v2\/pages\/2\/revisions"}],"predecessor-version":[{"id":330,"href":"http:\/\/juetrichau.juetrichau.de\/index.php?rest_route=\/wp\/v2\/pages\/2\/revisions\/330"}],"wp:attachment":[{"href":"http:\/\/juetrichau.juetrichau.de\/index.php?rest_route=%2Fwp%2Fv2%2Fmedia&parent=2"}],"curies":[{"name":"wp","href":"https:\/\/api.w.org\/{rel}","templated":true}]}}