{"id":19,"date":"2016-11-24T10:35:45","date_gmt":"2016-11-24T10:35:45","guid":{"rendered":"http:\/\/juetrichau.juetrichau.de\/?page_id=19"},"modified":"2018-05-08T14:39:11","modified_gmt":"2018-05-08T14:39:11","slug":"impressum","status":"publish","type":"page","link":"http:\/\/juetrichau.juetrichau.de\/?page_id=19","title":{"rendered":"Impressum"},"content":{"rendered":"<p><strong>Angaben gem\u00e4\u00df \u00a7 5 TMG<\/strong><\/p>\n<p><strong>Markus Pfeifer<\/strong><br \/>\nZerbster Stra\u00dfe 3<br \/>\n39264 J\u00fctrichau<\/p>\n<p><strong><u>Kontakt<\/u><\/strong><br \/>\nfon<strong>: \u00a0\u00a0\u00a0 <\/strong>0171\/6819169<strong><br \/>\n<\/strong>mail:\u00a0\u00a0\u00a0 markus-pfeifer@juetrichau.de<\/p>\n<p><strong>Hinweis zur Nutzung der Kontaktdaten<\/strong><br \/>\nDer Nutzung von im Rahmen der Impressumspflicht ver\u00f6ffentlichten Kontaktdaten durch Dritte zur \u00dcbersendung von nicht ausdr\u00fccklich angeforderter Werbung und Informationsmaterialien wird hiermit ausdr\u00fccklich widersprochen. Die Betreiber der Seiten behalten sich ausdr\u00fccklich rechtliche Schritte im Falle der unverlangten Zusendung von Werbeinformationen, etwa durch Spam-Mails, vor.<\/p>\n<p>&nbsp;<\/p>\n<p>Die Homepage wird ehrenamtlich erstellt und bearbeitet von o.g. Person. Es handelt sich um keine kommerzielle Homepage. Auf dieser Internetpr\u00e4senz sind Links zu anderen Seiten im Internet gelegt. Der Bearbeiter erkl\u00e4rt ausdr\u00fccklich, dass er\u00a0keinerlei Einfluss auf die Gestaltung und die Inhalte der verlinkten Seiten hat. Deshalb distanziert\u00a0er sich hiermit ausdr\u00fccklich von den Inhalten aller gelinkten Seiten auf dieser Internetpr\u00e4senz und machen sich diese Inhalte nicht zu eigen. Dies ist unsere regionale Internetadresse, hinter der sich Angebote, Informationen und Dienste zu allen Lebensbereichen unserer Gemeinde vereinigen.<\/p>\n<p>&nbsp;<\/p>\n<p>&nbsp;<\/p>\n","protected":false},"excerpt":{"rendered":"<p>Angaben gem\u00e4\u00df \u00a7 5 TMG Markus Pfeifer Zerbster Stra\u00dfe 3 39264 J\u00fctrichau Kontakt fon: \u00a0\u00a0\u00a0 0171\/6819169 mail:\u00a0\u00a0\u00a0 markus-pfeifer@juetrichau.de Hinweis zur Nutzung der Kontaktdaten Der Nutzung von im Rahmen der Impressumspflicht ver\u00f6ffentlichten Kontaktdaten durch Dritte zur \u00dcbersendung von nicht ausdr\u00fccklich angeforderter Werbung und Informationsmaterialien wird hiermit ausdr\u00fccklich widersprochen. Die Betreiber der Seiten behalten sich ausdr\u00fccklich rechtliche <a href=\"http:\/\/juetrichau.juetrichau.de\/?page_id=19\" class=\"more-link\">...weiterlesen<span class=\"screen-reader-text\"> \"Impressum\"<\/span><\/a><\/p>\n","protected":false},"author":1,"featured_media":0,"parent":0,"menu_order":0,"comment_status":"closed","ping_status":"closed","template":"","meta":{"footnotes":""},"class_list":["post-19","page","type-page","status-publish","h-entry","hentry","h-as-page"],"_links":{"self":[{"href":"http:\/\/juetrichau.juetrichau.de\/index.php?rest_route=\/wp\/v2\/pages\/19","targetHints":{"allow":["GET"]}}],"collection":[{"href":"http:\/\/juetrichau.juetrichau.de\/index.php?rest_route=\/wp\/v2\/pages"}],"about":[{"href":"http:\/\/juetrichau.juetrichau.de\/index.php?rest_route=\/wp\/v2\/types\/page"}],"author":[{"embeddable":true,"href":"http:\/\/juetrichau.juetrichau.de\/index.php?rest_route=\/wp\/v2\/users\/1"}],"replies":[{"embeddable":true,"href":"http:\/\/juetrichau.juetrichau.de\/index.php?rest_route=%2Fwp%2Fv2%2Fcomments&post=19"}],"version-history":[{"count":4,"href":"http:\/\/juetrichau.juetrichau.de\/index.php?rest_route=\/wp\/v2\/pages\/19\/revisions"}],"predecessor-version":[{"id":238,"href":"http:\/\/juetrichau.juetrichau.de\/index.php?rest_route=\/wp\/v2\/pages\/19\/revisions\/238"}],"wp:attachment":[{"href":"http:\/\/juetrichau.juetrichau.de\/index.php?rest_route=%2Fwp%2Fv2%2Fmedia&parent=19"}],"curies":[{"name":"wp","href":"https:\/\/api.w.org\/{rel}","templated":true}]}}